{"id":530,"date":"2021-01-16T21:33:45","date_gmt":"2021-01-16T19:33:45","guid":{"rendered":"https:\/\/urasenke.fi\/wp\/?page_id=530"},"modified":"2025-10-13T20:06:16","modified_gmt":"2025-10-13T17:06:16","slug":"alkeiskurssi","status":"publish","type":"page","link":"https:\/\/urasenke.fi\/en\/toiminta\/opetustarjonta\/alkeiskurssi\/","title":{"rendered":"Alkeiskurssi"},"content":{"rendered":"<p><span style=\"font-weight: 400;\">Teetaiteen alkeiskurssi teehuone Tokuy\u016banissa pyrit\u00e4\u00e4n j\u00e4rjest\u00e4m\u00e4\u00e4n noin puolen vuoden v\u00e4lein, kev\u00e4\u00e4ll\u00e4 ja syksyll\u00e4. Kurssin<\/span><span style=\"font-weight: 400;\">\u00a0aikana opiskellaan chad<\/span><span style=\"font-weight: 400;\">\u014d<\/span><span style=\"font-weight: 400;\">n perusteita: vieraan roolia, teehuoneessa liikkumista ja yksinkertaista tapaa valmistaa matcha-tee tarjottimella (bonryaku). Alkeiskurssin j\u00e4lkeen on mahdollista jatkaa teeopintoja sunnuntaisin alkeis- ja jatkotason ryhm\u00e4ss\u00e4.<\/span><\/p>\n<p><span style=\"font-weight: 400;\">Tiedotamme t\u00e4ll\u00e4 sivulla seuraavan alkeiskurssin aikataulusta, kun se varmistuu. Kurssin suosion vuoksi k\u00e4yt\u00f6ss\u00e4 on my\u00f6s jonotuslista, jolle voit ilmoittautua l\u00e4hett\u00e4m\u00e4ll\u00e4 s\u00e4hk\u00f6postin osoitteeseen <\/span><a href=\"mailto:varaukset@urasenke.fi\"><span style=\"font-weight: 400;\">varaukset (\u00e4t) urasenke.fi<\/span><\/a><span style=\"font-weight: 400;\">.<\/span><\/p>\n<p>Huom! Teetaidetta opiskellaan tatami-matolla polvillaan istuen. Jos sinulla on jalkavaivoja tai istuminen on muuten hankalaa, kannattaa osallistumista harkita. Lis\u00e4tietoja saa tarvittaessa p\u00e4\u00e4sihteerilt\u00e4.<\/p>\n<p><span style=\"font-weight: 400;\">Suosittelemme kurssilaisille mukavaa mutta asiallista vaatetusta, jossa on helppo istua polvi-istunnassa (yli polven ulottuva hame tai v\u00e4lj\u00e4t housut). Pitk\u00e4t hiukset tulee laittaa kiinni (hiukset eiv\u00e4t saa ulottua olkap\u00e4iden alapuolelle) ja kellot ja korut on j\u00e4tett\u00e4v\u00e4 teehuoneen ulkopuolelle. Ei huulipunaa, vahvaa meikki\u00e4 eik\u00e4 voimakkaita hajusteita. Teehuoneessa k\u00e4ytet\u00e4\u00e4n puhtaita valkoisia sukkia.\u00a0<\/span><\/p>\n","protected":false},"excerpt":{"rendered":"<p>Teetaiteen alkeiskurssi teehuone Tokuy\u016banissa pyrit\u00e4\u00e4n j\u00e4rjest\u00e4m\u00e4\u00e4n noin puolen vuoden v\u00e4lein, kev\u00e4\u00e4ll\u00e4 ja syksyll\u00e4. Kurssin\u00a0aikana opiskellaan chad\u014dn perusteita: vieraan roolia, teehuoneessa liikkumista ja yksinkertaista tapaa valmistaa matcha-tee tarjottimella (bonryaku). Alkeiskurssin j\u00e4lkeen&hellip; <a class=\"more-link\" href=\"https:\/\/urasenke.fi\/en\/toiminta\/opetustarjonta\/alkeiskurssi\/\">Continue reading <span class=\"screen-reader-text\">Alkeiskurssi<\/span><\/a><\/p>\n","protected":false},"author":2,"featured_media":0,"parent":230,"menu_order":0,"comment_status":"closed","ping_status":"closed","template":"","meta":{"_price":"","_stock":"","_tribe_ticket_header":"","_tribe_default_ticket_provider":"","_tribe_ticket_capacity":"0","_ticket_start_date":"","_ticket_end_date":"","_tribe_ticket_show_description":"","_tribe_ticket_show_not_going":false,"_tribe_ticket_use_global_stock":"","_tribe_ticket_global_stock_level":"","_global_stock_mode":"","_global_stock_cap":"","_tribe_rsvp_for_event":"","_tribe_ticket_going_count":"","_tribe_ticket_not_going_count":"","_tribe_tickets_list":"[]","_tribe_ticket_has_attendee_info_fields":false,"footnotes":""},"class_list":["post-530","page","type-page","status-publish","hentry","entry"],"_links":{"self":[{"href":"https:\/\/urasenke.fi\/en\/wp-json\/wp\/v2\/pages\/530","targetHints":{"allow":["GET"]}}],"collection":[{"href":"https:\/\/urasenke.fi\/en\/wp-json\/wp\/v2\/pages"}],"about":[{"href":"https:\/\/urasenke.fi\/en\/wp-json\/wp\/v2\/types\/page"}],"author":[{"embeddable":true,"href":"https:\/\/urasenke.fi\/en\/wp-json\/wp\/v2\/users\/2"}],"replies":[{"embeddable":true,"href":"https:\/\/urasenke.fi\/en\/wp-json\/wp\/v2\/comments?post=530"}],"version-history":[{"count":6,"href":"https:\/\/urasenke.fi\/en\/wp-json\/wp\/v2\/pages\/530\/revisions"}],"predecessor-version":[{"id":8278,"href":"https:\/\/urasenke.fi\/en\/wp-json\/wp\/v2\/pages\/530\/revisions\/8278"}],"up":[{"embeddable":true,"href":"https:\/\/urasenke.fi\/en\/wp-json\/wp\/v2\/pages\/230"}],"wp:attachment":[{"href":"https:\/\/urasenke.fi\/en\/wp-json\/wp\/v2\/media?parent=530"}],"curies":[{"name":"wp","href":"https:\/\/api.w.org\/{rel}","templated":true}]}}