{"id":426,"date":"2020-12-07T13:54:27","date_gmt":"2020-12-07T11:54:27","guid":{"rendered":"https:\/\/urasenke.fi\/wp\/?page_id=426"},"modified":"2022-05-05T20:04:09","modified_gmt":"2022-05-05T17:04:09","slug":"toiminta","status":"publish","type":"page","link":"https:\/\/urasenke.fi\/en\/toiminta\/","title":{"rendered":"Toiminta"},"content":{"rendered":"<p><span style=\"font-weight: 400;\">Suomen Chado Urasenke Tankokai yhdistys ry. esittelee japanilaista teetaidetta chad\u014dta ja j\u00e4rjest\u00e4\u00e4 chad\u014dn opetusta Suomessa.<\/span><\/p>\n<p><span style=\"font-weight: 400;\">Yhdistyksell\u00e4 on toimintaa t\u00e4ll\u00e4 hetkell\u00e4 p\u00e4\u00e4asiassa Helsingiss\u00e4 ja Tampereella.<\/span><\/p>\n<p class=\"p9\">\n","protected":false},"excerpt":{"rendered":"<p>Suomen Chado Urasenke Tankokai yhdistys ry. esittelee japanilaista teetaidetta chad\u014dta ja j\u00e4rjest\u00e4\u00e4 chad\u014dn opetusta Suomessa. Yhdistyksell\u00e4 on toimintaa t\u00e4ll\u00e4 hetkell\u00e4 p\u00e4\u00e4asiassa Helsingiss\u00e4 ja Tampereella.<\/p>\n","protected":false},"author":1,"featured_media":0,"parent":0,"menu_order":4,"comment_status":"closed","ping_status":"closed","template":"","meta":{"_price":"","_stock":"","_tribe_ticket_header":"","_tribe_default_ticket_provider":"","_tribe_ticket_capacity":"0","_ticket_start_date":"","_ticket_end_date":"","_tribe_ticket_show_description":"","_tribe_ticket_show_not_going":false,"_tribe_ticket_use_global_stock":"","_tribe_ticket_global_stock_level":"","_global_stock_mode":"","_global_stock_cap":"","_tribe_rsvp_for_event":"","_tribe_ticket_going_count":"","_tribe_ticket_not_going_count":"","_tribe_tickets_list":"[]","_tribe_ticket_has_attendee_info_fields":false,"footnotes":""},"class_list":["post-426","page","type-page","status-publish","hentry","entry"],"_links":{"self":[{"href":"https:\/\/urasenke.fi\/en\/wp-json\/wp\/v2\/pages\/426","targetHints":{"allow":["GET"]}}],"collection":[{"href":"https:\/\/urasenke.fi\/en\/wp-json\/wp\/v2\/pages"}],"about":[{"href":"https:\/\/urasenke.fi\/en\/wp-json\/wp\/v2\/types\/page"}],"author":[{"embeddable":true,"href":"https:\/\/urasenke.fi\/en\/wp-json\/wp\/v2\/users\/1"}],"replies":[{"embeddable":true,"href":"https:\/\/urasenke.fi\/en\/wp-json\/wp\/v2\/comments?post=426"}],"version-history":[{"count":10,"href":"https:\/\/urasenke.fi\/en\/wp-json\/wp\/v2\/pages\/426\/revisions"}],"predecessor-version":[{"id":2551,"href":"https:\/\/urasenke.fi\/en\/wp-json\/wp\/v2\/pages\/426\/revisions\/2551"}],"wp:attachment":[{"href":"https:\/\/urasenke.fi\/en\/wp-json\/wp\/v2\/media?parent=426"}],"curies":[{"name":"wp","href":"https:\/\/api.w.org\/{rel}","templated":true}]}}