{"id":238,"date":"2020-11-22T15:45:27","date_gmt":"2020-11-22T15:45:27","guid":{"rendered":"https:\/\/urasenke.fi\/wp\/?page_id=238"},"modified":"2023-01-26T19:58:47","modified_gmt":"2023-01-26T17:58:47","slug":"yhteystiedot","status":"publish","type":"page","link":"https:\/\/urasenke.fi\/en\/yhteystiedot\/","title":{"rendered":"Yhteystiedot"},"content":{"rendered":"<p><span style=\"font-weight: 400;\">Tietoa <\/span><a href=\"https:\/\/urasenke.fi\/toiminta\/opetustarjonta\/\"><span style=\"font-weight: 400;\">Helsingin<\/span><\/a><span style=\"font-weight: 400;\">\u00a0ja <\/span><a href=\"https:\/\/urasenke.fi\/toiminta\/tampereen-opetus\/\"><span style=\"font-weight: 400;\">Tampereen<\/span><\/a><span style=\"font-weight: 400;\">\u00a0toiminnasta.<\/span><\/p>\n<p><span style=\"font-weight: 400;\">Kyselyt liittyen <\/span><a href=\"https:\/\/urasenke.fi\/toiminta\/opetustarjonta\/alkeiskurssi\/\"><span style=\"font-weight: 400;\">alkeiskurssiin<\/span><\/a> ja yhdistyksen toimintaan<span style=\"font-weight: 400;\"> s\u00e4hk\u00f6postitse: paasihteeri@urasenke.fi<\/span><\/p>\n<p><span style=\"font-weight: 400;\">Tiedustelut liittyen <\/span><a href=\"https:\/\/urasenke.fi\/wp\/yksityiset-teetilaisuudet\/\"><span style=\"font-weight: 400;\">yksityisiin teetilaisuuksiin<\/span><\/a> <span style=\"font-weight: 400;\">s\u00e4hk\u00f6postitse: varaukset@urasenke.fi.\u00a0<\/span><\/p>\n<p><a href=\"https:\/\/urasenke.fi\/yhdistys\/jaseneksi-liittyminen\/\"><span style=\"font-weight: 400;\">Yhdistyksen <\/span><span style=\"font-weight: 400;\">j\u00e4seneksi<\/span><\/a><span style=\"font-weight: 400;\"> \u00a0voi liitty\u00e4 l\u00e4hett\u00e4m\u00e4ll\u00e4 s\u00e4hk\u00f6postia osoitteeseen jasenasiat@urasenke.fi. <\/span><\/p>\n<p><span style=\"font-weight: 400;\">Tilaisuuksia koskevat tiedustelut tulee osoittaa kyseess\u00e4 olevan teetilaisuuden vastuuhenkil\u00f6lle. Vastuuhenkil\u00f6n yhteystiedot l\u00f6ytyv\u00e4t kunkin tilaisuuden tiedotteen alta.<\/span><\/p>\n<p>Y-tunnus: 1627630-0<\/p>\n","protected":false},"excerpt":{"rendered":"<p>Tietoa Helsingin\u00a0ja Tampereen\u00a0toiminnasta. Kyselyt liittyen alkeiskurssiin ja yhdistyksen toimintaan s\u00e4hk\u00f6postitse: paasihteeri@urasenke.fi Tiedustelut liittyen yksityisiin teetilaisuuksiin s\u00e4hk\u00f6postitse: varaukset@urasenke.fi.\u00a0 Yhdistyksen j\u00e4seneksi \u00a0voi liitty\u00e4 l\u00e4hett\u00e4m\u00e4ll\u00e4 s\u00e4hk\u00f6postia osoitteeseen jasenasiat@urasenke.fi. Tilaisuuksia koskevat tiedustelut tulee osoittaa&hellip; <a class=\"more-link\" href=\"https:\/\/urasenke.fi\/en\/yhteystiedot\/\">Continue reading <span class=\"screen-reader-text\">Yhteystiedot<\/span><\/a><\/p>\n","protected":false},"author":1,"featured_media":0,"parent":0,"menu_order":5,"comment_status":"closed","ping_status":"closed","template":"","meta":{"_price":"","_stock":"","_tribe_ticket_header":"","_tribe_default_ticket_provider":"","_tribe_ticket_capacity":"0","_ticket_start_date":"","_ticket_end_date":"","_tribe_ticket_show_description":"","_tribe_ticket_show_not_going":false,"_tribe_ticket_use_global_stock":"","_tribe_ticket_global_stock_level":"","_global_stock_mode":"","_global_stock_cap":"","_tribe_rsvp_for_event":"","_tribe_ticket_going_count":"","_tribe_ticket_not_going_count":"","_tribe_tickets_list":"[]","_tribe_ticket_has_attendee_info_fields":false,"footnotes":""},"class_list":["post-238","page","type-page","status-publish","hentry","entry"],"_links":{"self":[{"href":"https:\/\/urasenke.fi\/en\/wp-json\/wp\/v2\/pages\/238","targetHints":{"allow":["GET"]}}],"collection":[{"href":"https:\/\/urasenke.fi\/en\/wp-json\/wp\/v2\/pages"}],"about":[{"href":"https:\/\/urasenke.fi\/en\/wp-json\/wp\/v2\/types\/page"}],"author":[{"embeddable":true,"href":"https:\/\/urasenke.fi\/en\/wp-json\/wp\/v2\/users\/1"}],"replies":[{"embeddable":true,"href":"https:\/\/urasenke.fi\/en\/wp-json\/wp\/v2\/comments?post=238"}],"version-history":[{"count":12,"href":"https:\/\/urasenke.fi\/en\/wp-json\/wp\/v2\/pages\/238\/revisions"}],"predecessor-version":[{"id":3235,"href":"https:\/\/urasenke.fi\/en\/wp-json\/wp\/v2\/pages\/238\/revisions\/3235"}],"wp:attachment":[{"href":"https:\/\/urasenke.fi\/en\/wp-json\/wp\/v2\/media?parent=238"}],"curies":[{"name":"wp","href":"https:\/\/api.w.org\/{rel}","templated":true}]}}