{"id":234,"date":"2020-11-22T15:43:00","date_gmt":"2020-11-22T15:43:00","guid":{"rendered":"https:\/\/urasenke.fi\/wp\/?page_id=234"},"modified":"2022-03-14T20:16:39","modified_gmt":"2022-03-14T18:16:39","slug":"jaseneksi-liittyminen","status":"publish","type":"page","link":"https:\/\/urasenke.fi\/en\/yhdistys\/jaseneksi-liittyminen\/","title":{"rendered":"J\u00e4seneksi liittyminen"},"content":{"rendered":"<p><span style=\"font-weight: 400;\">Yhdistyksen toimintaan p\u00e4\u00e4see mukaan liittym\u00e4ll\u00e4 j\u00e4seneksi tai kannatusj\u00e4seneksi. J\u00e4senmaksu on tavallisilta j\u00e4senilt\u00e4 30 \u20ac ja kannatusj\u00e4senilt\u00e4 200 \u20ac.<\/span><\/p>\n<p><span style=\"font-weight: 400;\">J\u00e4senet voivat osallistua yhdistyksen j\u00e4rjest\u00e4miin harjoituksiin (keiko). Helsingin harjoituksiin j\u00e4senet p\u00e4\u00e4sev\u00e4t osallistumaan suoritettuaan alkeiskurssin tai hankittuaan muuten tarvittavat tiedot (opiskelemalla chad<\/span><span style=\"font-weight: 400;\">\u014dta aiemmin jossain muualla)<\/span><span style=\"font-weight: 400;\">. Yhdistyksen j\u00e4senyys ei takaa seuraavalle alkeiskurssille p\u00e4\u00e4sy\u00e4. K\u00e4yt\u00f6ss\u00e4 on jonotuslista.\u00a0 Yhdistyksen j\u00e4senyys oikeuttaa my\u00f6s alennukseen yhdistyksen teehuone Tokuy\u016banissa j\u00e4rjest\u00e4mist\u00e4 avoimista teetilaisuuksista. J\u00e4senille l\u00e4hetet\u00e4\u00e4n s\u00e4hk\u00f6inen j\u00e4senkirje.\u00a0<\/span><\/p>\n<p><span style=\"font-weight: 400;\">J\u00e4senmaksu sis\u00e4ltyy alkeiskurssin hintaan ja kurssin k\u00e4yv\u00e4t liittyv\u00e4t my\u00f6s yhdistyksen j\u00e4seniksi. J\u00e4senmaksu maksetaan aina kalenterivuodelle. Kannatusj\u00e4seniksi voivat liitty\u00e4 yhdistykset, yritykset, ryhm\u00e4t ja yksityishenkil\u00f6t. Kannatusj\u00e4senet tai edustajat voivat k\u00e4yd\u00e4 yhdistyksen avoimissa tilaisuuksissa ilman erillist\u00e4 maksua.<\/span><\/p>\n<p><span style=\"font-weight: 400;\">Jos haluat lis\u00e4tietoja tai hakea j\u00e4senyytt\u00e4, ota yhteytt\u00e4 s\u00e4hk\u00f6postilla: jasenasiat@urasenke.fi. J\u00e4senyyden hakemiseksi kirjoita viestiin oma nimesi (etunimi, toinen nimi ja sukunimi), katuosoitteesi, puhelinnumerosi sek\u00e4 s\u00e4hk\u00f6postiosoitteesi, johon toivot s\u00e4hk\u00f6isen j\u00e4senkirjeen.<\/span><\/p>\n<p>L\u00e4het\u00e4mme antamasi tiedot eteenp\u00e4in Kiotoon Urasenke-teekoulukunnan p\u00e4\u00e4majaan. Jos et halua, ett\u00e4 tietosi l\u00e4hetet\u00e4\u00e4n eteenp\u00e4in, ilmoitathan siit\u00e4 meille viestiss\u00e4si. Jos olet jo aiemmin opiskellut Urasenken koulukunnassa, pyyd\u00e4mme ilmoittamaan meille, mik\u00e4 opintolupa sinulla on t\u00e4ll\u00e4 hetkell\u00e4.<\/p>\n","protected":false},"excerpt":{"rendered":"<p>Yhdistyksen toimintaan p\u00e4\u00e4see mukaan liittym\u00e4ll\u00e4 j\u00e4seneksi tai kannatusj\u00e4seneksi. J\u00e4senmaksu on tavallisilta j\u00e4senilt\u00e4 30 \u20ac ja kannatusj\u00e4senilt\u00e4 200 \u20ac. J\u00e4senet voivat osallistua yhdistyksen j\u00e4rjest\u00e4miin harjoituksiin (keiko). Helsingin harjoituksiin j\u00e4senet p\u00e4\u00e4sev\u00e4t osallistumaan&hellip; <a class=\"more-link\" href=\"https:\/\/urasenke.fi\/en\/yhdistys\/jaseneksi-liittyminen\/\">Continue reading <span class=\"screen-reader-text\">J\u00e4seneksi liittyminen<\/span><\/a><\/p>\n","protected":false},"author":1,"featured_media":0,"parent":220,"menu_order":0,"comment_status":"closed","ping_status":"closed","template":"","meta":{"_price":"","_stock":"","_tribe_ticket_header":"","_tribe_default_ticket_provider":"","_tribe_ticket_capacity":"0","_ticket_start_date":"","_ticket_end_date":"","_tribe_ticket_show_description":"","_tribe_ticket_show_not_going":false,"_tribe_ticket_use_global_stock":"","_tribe_ticket_global_stock_level":"","_global_stock_mode":"","_global_stock_cap":"","_tribe_rsvp_for_event":"","_tribe_ticket_going_count":"","_tribe_ticket_not_going_count":"","_tribe_tickets_list":"[]","_tribe_ticket_has_attendee_info_fields":false,"footnotes":""},"class_list":["post-234","page","type-page","status-publish","hentry","entry"],"_links":{"self":[{"href":"https:\/\/urasenke.fi\/en\/wp-json\/wp\/v2\/pages\/234","targetHints":{"allow":["GET"]}}],"collection":[{"href":"https:\/\/urasenke.fi\/en\/wp-json\/wp\/v2\/pages"}],"about":[{"href":"https:\/\/urasenke.fi\/en\/wp-json\/wp\/v2\/types\/page"}],"author":[{"embeddable":true,"href":"https:\/\/urasenke.fi\/en\/wp-json\/wp\/v2\/users\/1"}],"replies":[{"embeddable":true,"href":"https:\/\/urasenke.fi\/en\/wp-json\/wp\/v2\/comments?post=234"}],"version-history":[{"count":7,"href":"https:\/\/urasenke.fi\/en\/wp-json\/wp\/v2\/pages\/234\/revisions"}],"predecessor-version":[{"id":9364,"href":"https:\/\/urasenke.fi\/en\/wp-json\/wp\/v2\/pages\/234\/revisions\/9364"}],"up":[{"embeddable":true,"href":"https:\/\/urasenke.fi\/en\/wp-json\/wp\/v2\/pages\/220"}],"wp:attachment":[{"href":"https:\/\/urasenke.fi\/en\/wp-json\/wp\/v2\/media?parent=234"}],"curies":[{"name":"wp","href":"https:\/\/api.w.org\/{rel}","templated":true}]}}