{"id":230,"date":"2020-11-22T15:41:26","date_gmt":"2020-11-22T15:41:26","guid":{"rendered":"https:\/\/urasenke.fi\/wp\/?page_id=230"},"modified":"2023-01-26T19:52:20","modified_gmt":"2023-01-26T17:52:20","slug":"opetustarjonta","status":"publish","type":"page","link":"https:\/\/urasenke.fi\/en\/toiminta\/opetustarjonta\/","title":{"rendered":"Toiminta Helsingiss\u00e4"},"content":{"rendered":"<p><span style=\"font-weight: 400;\">Helsingiss\u00e4 toimintaa on p\u00e4\u00e4s\u00e4\u00e4nt\u00f6isesti Suomenlinnassa sijaitsevassa japanilaisessa teehuoneessa Tokuy\u016banissa.<\/span><\/p>\n<p><span style=\"font-weight: 400;\">Tokuy\u016banissa j\u00e4rjestet\u00e4\u00e4n yleis\u00f6lle<\/span><span style=\"font-weight: 400;\"> avoimia teetilaisuuksia tai avoimien ovien p\u00e4ivi\u00e4 noin kerran kuukaudessa. Tiedot ajankohtaisista tapahtumista l\u00f6ytyv\u00e4t <a href=\"https:\/\/urasenke.fi\/tapahtumakalenteri\/\">Tapahtumat-sivulta<\/a>. Yhdistykselt\u00e4 voi my\u00f6s kysell\u00e4 mahdollisuutta <\/span><a href=\"https:\/\/urasenke.fi\/toiminta\/opetustarjonta\/yksityiset-teetilaisuudet\/\"><span style=\"font-weight: 400;\">yksityiseen teetilaisuuteen<\/span><\/a><span style=\"font-weight: 400;\">. T\u00e4m\u00e4n lis\u00e4ksi yhdistys j\u00e4rjest\u00e4\u00e4 Helsingiss\u00e4 toisinaan tilaisuuksia tai teedemonstraatioita my\u00f6s teehuoneen ulkopuolella, esimerkiksi Roihuvuoren Hanami-juhlassa.\u00a0<\/span><\/p>\n<p><span style=\"font-weight: 400;\">Tokuy\u016banissa j\u00e4rjestet\u00e4\u00e4n alkeis- ja jatkotason opetusta p\u00e4\u00e4asiassa sunnuntaisin. Helsingin harjoituksiin p\u00e4\u00e4see mukaan k\u00e4ym\u00e4ll\u00e4 <\/span><a href=\"https:\/\/urasenke.fi\/toiminta\/opetustarjonta\/alkeiskurssi\/\"><span style=\"font-weight: 400;\">alkeiskurssin<\/span><\/a><span style=\"font-weight: 400;\">, joka pyrit\u00e4\u00e4n j\u00e4rjest\u00e4m\u00e4\u00e4n kaksi kertaa vuodessa, kev\u00e4\u00e4ll\u00e4 ja syksyll\u00e4. Jos olet opiskellut teetaiteen perusteita muualla, voit kysy\u00e4 mahdollisuudesta osallistua jatkotason opetukseen p\u00e4\u00e4sihteerilt\u00e4 (paasihteeri@urasenke.fi).<\/span><\/p>\n","protected":false},"excerpt":{"rendered":"<p>Helsingiss\u00e4 toimintaa on p\u00e4\u00e4s\u00e4\u00e4nt\u00f6isesti Suomenlinnassa sijaitsevassa japanilaisessa teehuoneessa Tokuy\u016banissa. Tokuy\u016banissa j\u00e4rjestet\u00e4\u00e4n yleis\u00f6lle avoimia teetilaisuuksia tai avoimien ovien p\u00e4ivi\u00e4 noin kerran kuukaudessa. Tiedot ajankohtaisista tapahtumista l\u00f6ytyv\u00e4t Tapahtumat-sivulta. Yhdistykselt\u00e4 voi my\u00f6s kysell\u00e4&hellip; <a class=\"more-link\" href=\"https:\/\/urasenke.fi\/en\/toiminta\/opetustarjonta\/\">Continue reading <span class=\"screen-reader-text\">Toiminta Helsingiss\u00e4<\/span><\/a><\/p>\n","protected":false},"author":1,"featured_media":0,"parent":426,"menu_order":1,"comment_status":"closed","ping_status":"closed","template":"","meta":{"_price":"","_stock":"","_tribe_ticket_header":"","_tribe_default_ticket_provider":"","_tribe_ticket_capacity":"0","_ticket_start_date":"","_ticket_end_date":"","_tribe_ticket_show_description":"","_tribe_ticket_show_not_going":false,"_tribe_ticket_use_global_stock":"","_tribe_ticket_global_stock_level":"","_global_stock_mode":"","_global_stock_cap":"","_tribe_rsvp_for_event":"","_tribe_ticket_going_count":"","_tribe_ticket_not_going_count":"","_tribe_tickets_list":"[]","_tribe_ticket_has_attendee_info_fields":false,"footnotes":""},"class_list":["post-230","page","type-page","status-publish","hentry","entry"],"_links":{"self":[{"href":"https:\/\/urasenke.fi\/en\/wp-json\/wp\/v2\/pages\/230","targetHints":{"allow":["GET"]}}],"collection":[{"href":"https:\/\/urasenke.fi\/en\/wp-json\/wp\/v2\/pages"}],"about":[{"href":"https:\/\/urasenke.fi\/en\/wp-json\/wp\/v2\/types\/page"}],"author":[{"embeddable":true,"href":"https:\/\/urasenke.fi\/en\/wp-json\/wp\/v2\/users\/1"}],"replies":[{"embeddable":true,"href":"https:\/\/urasenke.fi\/en\/wp-json\/wp\/v2\/comments?post=230"}],"version-history":[{"count":10,"href":"https:\/\/urasenke.fi\/en\/wp-json\/wp\/v2\/pages\/230\/revisions"}],"predecessor-version":[{"id":3231,"href":"https:\/\/urasenke.fi\/en\/wp-json\/wp\/v2\/pages\/230\/revisions\/3231"}],"up":[{"embeddable":true,"href":"https:\/\/urasenke.fi\/en\/wp-json\/wp\/v2\/pages\/426"}],"wp:attachment":[{"href":"https:\/\/urasenke.fi\/en\/wp-json\/wp\/v2\/media?parent=230"}],"curies":[{"name":"wp","href":"https:\/\/api.w.org\/{rel}","templated":true}]}}