{"id":220,"date":"2020-11-22T15:37:42","date_gmt":"2020-11-22T15:37:42","guid":{"rendered":"https:\/\/urasenke.fi\/wp\/?page_id=220"},"modified":"2023-01-26T19:27:40","modified_gmt":"2023-01-26T17:27:40","slug":"yhdistys","status":"publish","type":"page","link":"https:\/\/urasenke.fi\/en\/yhdistys\/","title":{"rendered":"Yhdistys"},"content":{"rendered":"<p class=\"p1\">Suomen Chado Urasenke Tankokai yhdistys ry on kulttuuriyhdistys, joka edist\u00e4\u00e4 chad<span class=\"s1\">\u014d<\/span>n, &#8220;teen tien&#8221;, tuntemusta Suomessa. Yhdistys on yksi Urasenke-koulukunnan ulkomailla toimivista sisaryhdistyksist\u00e4.<\/p>\n<p><img loading=\"lazy\" decoding=\"async\" src=\"http:\/\/urasenke.fi\/kuvia\/minna-ja-tea.jpg\" width=\"400\" height=\"304\" align=\"middle\" \/><\/p>\n<p class=\"p1\">Yhdistys perustettiin vuonna 1987 Turussa, ja rekister\u00f6itiin vuonna 2000 Helsingiss\u00e4. Samalla yhdistykselle my\u00f6nnettiin virallinen alajaoston status.<\/p>\n<p class=\"p1\">Yhdistys j\u00e4rjest\u00e4\u00e4 chad<span class=\"s1\">\u014d<\/span>n opetusta Suomenlinnan Tokuy\u016ban-teehuoneella sek\u00e4 Tampereella. Yhdistys j\u00e4rjest\u00e4\u00e4 my\u00f6s muuta toimintaa: avoimien ovien p\u00e4ivi\u00e4 ja eri vuodenaikoina vaihtuvia teetilaisuuksia,\u00a0jotka ovat kaikille avoimia. Osallistuminen edellytt\u00e4\u00e4 ennakkoilmoittautumista. N\u00e4et tulevat tapahtumat <span class=\"s2\"><a href=\"https:\/\/urasenke.fi\/toiminta\/tapahtumakalenteri\/\">tapahtumakalenterista<\/a>.<\/span><\/p>\n<p class=\"p1\">Vaikka chad<span class=\"s1\">\u014d<\/span> onkin perinteinen japanilainen kulttuurimuoto, on sen harjoittaminen levinnyt eri puolille maailmaa 50-luvulta l\u00e4htien ja paikallistunut. T\u00e4m\u00e4 tulee esille muun muassa suomalaisen perinteen, tapojen, tunnelmien ja esineist\u00f6n hienovaraisessa liitt\u00e4misess\u00e4 osaksi chad<span class=\"s1\">\u014d<\/span>n k\u00e4yt\u00e4nt\u00f6\u00e4 Suomessa.<\/p>\n<p class=\"p1\">J\u00e4senet voivat osallistua muita edullisemmin yhdistyksen teetilaisuuksiin. Yhdistyksen toiminnasta tiedotetaan nettisivuilla, <a href=\"https:\/\/www.facebook.com\/chadourasenkefinland\/\">Facebookissa<\/a>\u00a0ja yhdistyksen j\u00e4senille l\u00e4hetett\u00e4v\u00e4ll\u00e4 uutiskirjeell\u00e4. Teehuone Tokuy\u016banin tilaisuuksista tiedotetaan <a href=\"https:\/\/www.facebook.com\/tokuyuan\/\"><span class=\"s2\">Facebookissa <\/span><\/a>\u00a0ja Tampereen opintopiirill\u00e4 on oma <a href=\"https:\/\/www.instagram.com\/urasenketampere\/?hl=fi\"><span class=\"s2\">Instagram-tili<\/span><\/a>.<\/p>\n","protected":false},"excerpt":{"rendered":"<p>Suomen Chado Urasenke Tankokai yhdistys ry on kulttuuriyhdistys, joka edist\u00e4\u00e4 chad\u014dn, &#8220;teen tien&#8221;, tuntemusta Suomessa. Yhdistys on yksi Urasenke-koulukunnan ulkomailla toimivista sisaryhdistyksist\u00e4. Yhdistys perustettiin vuonna 1987 Turussa, ja rekister\u00f6itiin vuonna&hellip; <a class=\"more-link\" href=\"https:\/\/urasenke.fi\/en\/yhdistys\/\">Continue reading <span class=\"screen-reader-text\">Yhdistys<\/span><\/a><\/p>\n","protected":false},"author":1,"featured_media":0,"parent":0,"menu_order":2,"comment_status":"closed","ping_status":"closed","template":"","meta":{"_price":"","_stock":"","_tribe_ticket_header":"","_tribe_default_ticket_provider":"","_tribe_ticket_capacity":"0","_ticket_start_date":"","_ticket_end_date":"","_tribe_ticket_show_description":"","_tribe_ticket_show_not_going":false,"_tribe_ticket_use_global_stock":"","_tribe_ticket_global_stock_level":"","_global_stock_mode":"","_global_stock_cap":"","_tribe_rsvp_for_event":"","_tribe_ticket_going_count":"","_tribe_ticket_not_going_count":"","_tribe_tickets_list":"[]","_tribe_ticket_has_attendee_info_fields":false,"footnotes":""},"class_list":["post-220","page","type-page","status-publish","hentry","entry"],"_links":{"self":[{"href":"https:\/\/urasenke.fi\/en\/wp-json\/wp\/v2\/pages\/220","targetHints":{"allow":["GET"]}}],"collection":[{"href":"https:\/\/urasenke.fi\/en\/wp-json\/wp\/v2\/pages"}],"about":[{"href":"https:\/\/urasenke.fi\/en\/wp-json\/wp\/v2\/types\/page"}],"author":[{"embeddable":true,"href":"https:\/\/urasenke.fi\/en\/wp-json\/wp\/v2\/users\/1"}],"replies":[{"embeddable":true,"href":"https:\/\/urasenke.fi\/en\/wp-json\/wp\/v2\/comments?post=220"}],"version-history":[{"count":11,"href":"https:\/\/urasenke.fi\/en\/wp-json\/wp\/v2\/pages\/220\/revisions"}],"predecessor-version":[{"id":3223,"href":"https:\/\/urasenke.fi\/en\/wp-json\/wp\/v2\/pages\/220\/revisions\/3223"}],"wp:attachment":[{"href":"https:\/\/urasenke.fi\/en\/wp-json\/wp\/v2\/media?parent=220"}],"curies":[{"name":"wp","href":"https:\/\/api.w.org\/{rel}","templated":true}]}}